{"id":2041,"date":"2020-04-04T09:02:04","date_gmt":"2020-04-04T09:02:04","guid":{"rendered":"http:\/\/sulimma.net\/?page_id=2041"},"modified":"2021-01-25T06:35:59","modified_gmt":"2021-01-25T06:35:59","slug":"impresum","status":"publish","type":"page","link":"https:\/\/podologie-ruhmland.de\/?page_id=2041","title":{"rendered":"Impressum"},"content":{"rendered":"<p>[et_pb_section fb_built=&#8220;1&#8243; _builder_version=&#8220;4.4.2&#8243;][et_pb_row _builder_version=&#8220;4.4.2&#8243; hover_enabled=&#8220;0&#8243;][et_pb_column type=&#8220;4_4&#8243; _builder_version=&#8220;4.4.2&#8243;][et_pb_text _builder_version=&#8220;4.4.2&#8243; hover_enabled=&#8220;0&#8243;]<\/p>\n<p style=\"text-align: center;\"><span><strong>Yvonne Ruhmland<\/strong><\/span><br \/> <span> Podologin<\/span><\/p>\n<p style=\"text-align: center;\"><span>Hauptstra\u00dfe 45<\/span><\/p>\n<p style=\"text-align: center;\">61231 Bad Nauheim<\/p>\n<p style=\"text-align: center;\"><span>IdNr. 84 027 693 052<\/span><\/p>\n<p style=\"text-align: center;\"><span><strong>Email:\u00a0<\/strong><\/span><a href=\"mailto:Yvonne.ruhmland@web.de\">yvonne.ruhmland@web.de<\/a><\/p>\n<p style=\"text-align: center;\"><strong>Telefon:\u00a0<\/strong>06032<b>&#8211;<\/b>7861665<\/p>\n<p style=\"text-align: center;\"><span>\u00a0<\/span><\/p>\n<p style=\"text-align: center;\"><span><em>podologie-ruhmland.de ist die Website von Yvonne Ruhmland<\/em><\/span><br \/> <span> <em>Ggf. Inhaltlich Verantwortlicher gem. \u00a7 55 II RStV: Yvonne Ruhmland<\/em><\/span><\/p>\n<p style=\"text-align: center;\"><span><em>Haftungshinweis: Trotz sorgf\u00e4ltiger inhaltlicher Kontrolle<\/em><\/span><br \/> <span> <em>\u00fcbernehmen wir keine Haftung f\u00fcr die Inhalte externer Links.<\/em><\/span><br \/> <span> <em>F\u00fcr den Inhalt der verlinkten Seiten sind ausschlie\u00dflich<\/em><\/span><br \/> <span> <em>deren Betreiber verantwortlich.<\/em><\/span><\/p>\n<p>[\/et_pb_text][\/et_pb_column][\/et_pb_row][\/et_pb_section]<\/p>\n","protected":false},"excerpt":{"rendered":"<p>Yvonne Ruhmland Podologin Hauptstra\u00dfe 45 61231 Bad Nauheim IdNr. 84 027 693 052 Email:\u00a0yvonne.ruhmland@web.de Telefon:\u00a006032-7861665 \u00a0 podologie-ruhmland.de ist die Website von Yvonne Ruhmland Ggf. Inhaltlich Verantwortlicher gem. \u00a7 55 II RStV: Yvonne Ruhmland Haftungshinweis: Trotz sorgf\u00e4ltiger inhaltlicher Kontrolle \u00fcbernehmen wir keine Haftung f\u00fcr die Inhalte externer Links. F\u00fcr den Inhalt der verlinkten Seiten sind ausschlie\u00dflich [&hellip;]<\/p>\n","protected":false},"author":1,"featured_media":0,"parent":0,"menu_order":0,"comment_status":"closed","ping_status":"closed","template":"","meta":{"_et_pb_use_builder":"on","_et_pb_old_content":"","_et_gb_content_width":"","footnotes":""},"class_list":["post-2041","page","type-page","status-publish","hentry"],"_links":{"self":[{"href":"https:\/\/podologie-ruhmland.de\/index.php?rest_route=\/wp\/v2\/pages\/2041","targetHints":{"allow":["GET"]}}],"collection":[{"href":"https:\/\/podologie-ruhmland.de\/index.php?rest_route=\/wp\/v2\/pages"}],"about":[{"href":"https:\/\/podologie-ruhmland.de\/index.php?rest_route=\/wp\/v2\/types\/page"}],"author":[{"embeddable":true,"href":"https:\/\/podologie-ruhmland.de\/index.php?rest_route=\/wp\/v2\/users\/1"}],"replies":[{"embeddable":true,"href":"https:\/\/podologie-ruhmland.de\/index.php?rest_route=%2Fwp%2Fv2%2Fcomments&post=2041"}],"version-history":[{"count":9,"href":"https:\/\/podologie-ruhmland.de\/index.php?rest_route=\/wp\/v2\/pages\/2041\/revisions"}],"predecessor-version":[{"id":2229,"href":"https:\/\/podologie-ruhmland.de\/index.php?rest_route=\/wp\/v2\/pages\/2041\/revisions\/2229"}],"wp:attachment":[{"href":"https:\/\/podologie-ruhmland.de\/index.php?rest_route=%2Fwp%2Fv2%2Fmedia&parent=2041"}],"curies":[{"name":"wp","href":"https:\/\/api.w.org\/{rel}","templated":true}]}}